{"id":70,"date":"2022-05-03T10:18:56","date_gmt":"2022-05-03T08:18:56","guid":{"rendered":"http:\/\/www.kzv-rn108.de\/?page_id=70"},"modified":"2022-07-23T08:39:38","modified_gmt":"2022-07-23T06:39:38","slug":"herzlich-willkommen-auf-der-webseite-des","status":"publish","type":"page","link":"https:\/\/www.kzv-rn108.de\/","title":{"rendered":"Herzlich Willkommen auf der Webseite des"},"content":{"rendered":"\n<figure class=\"wp-block-image size-full\"><img loading=\"lazy\" decoding=\"async\" width=\"640\" height=\"274\" src=\"https:\/\/www.kzv-rn108.de\/wp-content\/uploads\/2022\/05\/Logo.jpg\" alt=\"\" class=\"wp-image-66\" srcset=\"https:\/\/www.kzv-rn108.de\/wp-content\/uploads\/2022\/05\/Logo.jpg 640w, https:\/\/www.kzv-rn108.de\/wp-content\/uploads\/2022\/05\/Logo-300x128.jpg 300w, https:\/\/www.kzv-rn108.de\/wp-content\/uploads\/2022\/05\/Logo-230x98.jpg 230w, https:\/\/www.kzv-rn108.de\/wp-content\/uploads\/2022\/05\/Logo-350x150.jpg 350w, https:\/\/www.kzv-rn108.de\/wp-content\/uploads\/2022\/05\/Logo-480x206.jpg 480w\" sizes=\"auto, (max-width: 640px) 100vw, 640px\" \/><\/figure>\n\n\n\n<figure class=\"wp-block-image size-full is-resized is-style-rounded\"><img loading=\"lazy\" decoding=\"async\" src=\"https:\/\/www.kzv-rn108.de\/wp-content\/uploads\/2022\/05\/Bewerbungsfoto147.jpg\" alt=\"\" class=\"wp-image-85\" width=\"156\" height=\"209\" srcset=\"https:\/\/www.kzv-rn108.de\/wp-content\/uploads\/2022\/05\/Bewerbungsfoto147.jpg 238w, https:\/\/www.kzv-rn108.de\/wp-content\/uploads\/2022\/05\/Bewerbungsfoto147-223x300.jpg 223w, https:\/\/www.kzv-rn108.de\/wp-content\/uploads\/2022\/05\/Bewerbungsfoto147-230x309.jpg 230w\" sizes=\"auto, (max-width: 156px) 100vw, 156px\" \/><figcaption><em><strong>Gru\u00dfwort der 1. Vorsitzenden<\/strong><\/em><\/figcaption><\/figure>\n\n\n\n<p style=\"font-style:italic;font-weight:500\">Liebe Besucher\/in unserer Homepage,<\/p>\n\n\n\n<p style=\"font-style:italic;font-weight:500\">Deutschland ist in Europa ein echtes Land des Engagements. Fast jeder Dritte ist aktiv in einem Verein, einer B\u00fcrgerinitiative oder einer Brauchtumspflege. Ehrenamtlich, engagiert, emotional &#8211; ob Kaninchenzuchtverein, Kegelverein, Partei oder Stadtteilversch\u00f6nerungsverein, wir leben vom Engagement unserer Mitmenschen.<\/p>\n\n\n\n<p style=\"font-style:italic;font-weight:500\">Ich, Elke Bauer, bin seit 2008 aktiv im Verein &amp; seit 2018 1. Vorsitzende.<\/p>\n\n\n\n<p style=\"font-style:italic;font-weight:500\">Wir gestalten unsere Freizeit ganz nach dem Motto: \u201eRassekaninchenzucht ein Hobby mit Herz &amp; Verstand!\u201c<\/p>\n\n\n\n<p style=\"font-style:italic;font-weight:500\">Nur durch aktive Z\u00fcchter\/innen, die sich der verantwortungsvollen Aufgabe widmen Kaninchen zu ziehen &amp; zu pflegen, k\u00f6nnen wir die Existenz diverser Rassen &amp; unser Hobby erhalten.<\/p>\n\n\n\n<p style=\"font-style:italic;font-weight:500\">Gerade jetzt, da wir neben den Auswirkungen der Pandemie auch mit diversen Umweltkatastrophen k\u00e4mpfen, wird es in Zukunft noch wichtiger sein, dass wir als Z\u00fcchter\/innen unseren Beitrag zum Umweltschutz leisten.<\/p>\n\n\n\n<p style=\"font-style:italic;font-weight:500\">Jedes 2te Wochenende im September k\u00f6nnt Ihr uns auf unsere Nettetal Jungtierschau besuchen. Dort k\u00f6nnt Ihr nicht nur unsere Arbeit in den verschiedensten Farben, Gr\u00f6\u00dfen &amp; Formen bewundern, auch informieren &amp; beraten wir Euch gerne zur Haltung eines Kaninchens.<\/p>\n\n\n\n<p style=\"font-style:italic;font-weight:500\">Aber auch au\u00dferhalb der Zucht engagieren wir uns in der Gemeinschaft. Wir nehmen an Aktivit\u00e4ten wie M\u00fcllsammelaktion, Ochtendunger Weihnachtsmarkt und Feuerwehrfest teil.<\/p>\n\n\n\n<p style=\"font-style:italic;font-weight:500\">Ihr m\u00f6chtet gerne mehr \u00fcber unseren Verein wissen oder unseren Verein und unser Hobby erleben? Dann klickt Euch durch unsere Seite und kontaktiert uns. Wir freuen uns auf Euch!<\/p>\n","protected":false},"excerpt":{"rendered":"<p>Liebe Besucher\/in unserer Homepage, Deutschland ist in Europa ein echtes Land des Engagements. Fast jeder Dritte ist aktiv in einem Verein, einer [&hellip;]<\/p>\n","protected":false},"author":2,"featured_media":0,"parent":0,"menu_order":0,"comment_status":"closed","ping_status":"closed","template":"","meta":{"footnotes":""},"class_list":["post-70","page","type-page","status-publish","hentry"],"_links":{"self":[{"href":"https:\/\/www.kzv-rn108.de\/index.php?rest_route=\/wp\/v2\/pages\/70","targetHints":{"allow":["GET"]}}],"collection":[{"href":"https:\/\/www.kzv-rn108.de\/index.php?rest_route=\/wp\/v2\/pages"}],"about":[{"href":"https:\/\/www.kzv-rn108.de\/index.php?rest_route=\/wp\/v2\/types\/page"}],"author":[{"embeddable":true,"href":"https:\/\/www.kzv-rn108.de\/index.php?rest_route=\/wp\/v2\/users\/2"}],"replies":[{"embeddable":true,"href":"https:\/\/www.kzv-rn108.de\/index.php?rest_route=%2Fwp%2Fv2%2Fcomments&post=70"}],"version-history":[{"count":6,"href":"https:\/\/www.kzv-rn108.de\/index.php?rest_route=\/wp\/v2\/pages\/70\/revisions"}],"predecessor-version":[{"id":265,"href":"https:\/\/www.kzv-rn108.de\/index.php?rest_route=\/wp\/v2\/pages\/70\/revisions\/265"}],"wp:attachment":[{"href":"https:\/\/www.kzv-rn108.de\/index.php?rest_route=%2Fwp%2Fv2%2Fmedia&parent=70"}],"curies":[{"name":"wp","href":"https:\/\/api.w.org\/{rel}","templated":true}]}}