{"id":3,"date":"2018-11-25T13:32:52","date_gmt":"2018-11-25T12:32:52","guid":{"rendered":"http:\/\/www.kzv-rn108.de\/?page_id=3"},"modified":"2022-07-23T09:49:11","modified_gmt":"2022-07-23T07:49:11","slug":"datenschutzerklaerung","status":"publish","type":"page","link":"https:\/\/www.kzv-rn108.de\/?page_id=3","title":{"rendered":"Datenschutzerkl\u00e4rung"},"content":{"rendered":"\n<p class=\"has-text-align-left\">Daten die vom Verein, Club, Kreisverband und Landesverband erhoben werden, sind Personen bezogene Daten (weiterhin \u201eDaten\u201c genannt). Aus Datenrechtlichen Gr\u00fcnden m\u00fcssen diese von jeder betroffenen Person zur 1) Verwaltung, 2) Speicherung, 3) zur Weitergabe an dritte und 4) zur Ver\u00f6ffentlichung, freigegeben werden. F\u00fcr eine Mitgliedschaft w\u00e4re dies aber zwingend erforderlich. Bei Austritt kann auf Wunsch eine L\u00f6schung der Daten erfolgen.<\/p>\n\n\n\n<p>Erl\u00e4uterungen zu Punkt 1 &#8211; 4:<br>1)<br>Verein, Club, Kreisverband und Landesverband verwaltet folgende Daten: Name \/ Vorname, Stra\u00dfe, PLZ \u2013 Wohnort, Telefon-Nr.: (Mobil oder Festnetz), Geburtsdatum, Emailadresse, Eintrittsjahr, Austrittsjahr, erhaltene Ehrungen und Vorstands\u00e4mter oder sonstige T\u00e4tigkeiten im Verband.<br>2)<br>Die Personen bezogenen Daten werden auf einer Externen Festplatte ohne Internet- zugriff gespeichert. Diese ist Passwortgesch\u00fctzt und nur dem Gesch\u00e4ftsf\u00fchrenden Vorstand des Landesverbandes bekannt. Die Daten werden vom Gesch\u00e4ftsf\u00fchrer des Landesverbandes verwaltet.<br>3)<br>Eine Weitergabe an dritte ist f\u00fcr Ehrungszwecke (z.B. Kammerpreism\u00fcnze des Landes Rheinland-Pfalz &#8211; Landwirtschaftsministerium) n\u00f6tig. Des Weiteren k\u00f6nnte es vorkommen das Daten an Versicherungen weitergegeben werden m\u00fcssen um einen Versicherungsfall zu bearbeiten. Eventuell auch an \u00fcbergeordnete Beh\u00f6rden.<br>4)<br>Zur Ver\u00f6ffentlichung der Daten kann es kommen, bei der Erstellung des Landes-verbands Infos, im Schaukatalog, auf Urkunden, auf Antr\u00e4gen, auf Bildern, in der Presse und auf der Homepage.<br><\/p>\n\n\n<h2>\u00a0<\/h2>\n<p>\u00a0<\/p>\n<h2>\u00a0<\/h2>\n<h3>\u00a0<\/h3>\n<p>\u00a0<\/p>\n<p>\u00a0<\/p>\n<h3>\u00a0<\/h3>\n<h3>\u00a0<\/h3>\n<p>\u00a0<\/p>\n<h3>\u00a0<\/h3>\n<p>\u00a0<\/p>\n<h3>\u00a0<\/h3>\n<h2>\u00a0<\/h2>\n<h2>\u00a0<\/h2>\n<p>\u00a0<\/p>\n<h2>\u00a0<\/h2>\n<p>\u00a0<\/p>\n<h2>\u00a0<\/h2>\n<h2>\u00a0<\/h2>\n<h2>\u00a0<\/h2>\n<h3>\u00a0<\/h3>\n<h3>\u00a0<\/h3>\n<h3>\u00a0<\/h3>\n<h3>\u00a0<\/h3>\n<h3>\u00a0<\/h3>","protected":false},"excerpt":{"rendered":"<p>Daten die vom Verein, Club, Kreisverband und Landesverband erhoben werden, sind Personen bezogene Daten (weiterhin \u201eDaten\u201c genannt). Aus Datenrechtlichen Gr\u00fcnden m\u00fcssen diese [&hellip;]<\/p>\n","protected":false},"author":2,"featured_media":0,"parent":0,"menu_order":0,"comment_status":"closed","ping_status":"closed","template":"","meta":{"footnotes":""},"class_list":["post-3","page","type-page","status-publish","hentry"],"_links":{"self":[{"href":"https:\/\/www.kzv-rn108.de\/index.php?rest_route=\/wp\/v2\/pages\/3","targetHints":{"allow":["GET"]}}],"collection":[{"href":"https:\/\/www.kzv-rn108.de\/index.php?rest_route=\/wp\/v2\/pages"}],"about":[{"href":"https:\/\/www.kzv-rn108.de\/index.php?rest_route=\/wp\/v2\/types\/page"}],"author":[{"embeddable":true,"href":"https:\/\/www.kzv-rn108.de\/index.php?rest_route=\/wp\/v2\/users\/2"}],"replies":[{"embeddable":true,"href":"https:\/\/www.kzv-rn108.de\/index.php?rest_route=%2Fwp%2Fv2%2Fcomments&post=3"}],"version-history":[{"count":4,"href":"https:\/\/www.kzv-rn108.de\/index.php?rest_route=\/wp\/v2\/pages\/3\/revisions"}],"predecessor-version":[{"id":279,"href":"https:\/\/www.kzv-rn108.de\/index.php?rest_route=\/wp\/v2\/pages\/3\/revisions\/279"}],"wp:attachment":[{"href":"https:\/\/www.kzv-rn108.de\/index.php?rest_route=%2Fwp%2Fv2%2Fmedia&parent=3"}],"curies":[{"name":"wp","href":"https:\/\/api.w.org\/{rel}","templated":true}]}}